{"id":13,"date":"2021-06-17T08:34:23","date_gmt":"2021-06-17T06:34:23","guid":{"rendered":"https:\/\/www.est-service.ch\/?page_id=13"},"modified":"2021-09-23T14:03:28","modified_gmt":"2021-09-23T12:03:28","slug":"grander","status":"publish","type":"page","link":"https:\/\/www.est-service.ch\/index.php\/grander\/","title":{"rendered":"Grander"},"content":{"rendered":"\t\t<div data-elementor-type=\"wp-page\" data-elementor-id=\"13\" class=\"elementor elementor-13\" data-elementor-settings=\"[]\">\n\t\t\t\t\t\t\t<div class=\"elementor-section-wrap\">\n\t\t\t\t\t\t\t<section class=\"elementor-section elementor-top-section elementor-element elementor-element-de509f4 elementor-section-height-min-height elementor-section-items-stretch elementor-section-boxed elementor-section-height-default\" data-id=\"de509f4\" data-element_type=\"section\" data-settings=\"{&quot;background_background&quot;:&quot;classic&quot;}\">\n\t\t\t\t\t\t\t<div class=\"elementor-background-overlay\"><\/div>\n\t\t\t\t\t\t\t<div class=\"elementor-container elementor-column-gap-no\">\n\t\t\t\t\t<div class=\"elementor-column elementor-col-100 elementor-top-column elementor-element elementor-element-3ae0ee84\" data-id=\"3ae0ee84\" data-element_type=\"column\">\n\t\t\t<div class=\"elementor-widget-wrap\">\n\t\t\t\t\t\t\t\t\t<\/div>\n\t\t<\/div>\n\t\t\t\t\t\t\t<\/div>\n\t\t<\/section>\n\t\t\t\t<section class=\"elementor-section elementor-top-section elementor-element elementor-element-c413113 elementor-section-boxed elementor-section-height-default elementor-section-height-default\" data-id=\"c413113\" data-element_type=\"section\">\n\t\t\t\t\t\t<div class=\"elementor-container elementor-column-gap-default\">\n\t\t\t\t\t<div class=\"elementor-column elementor-col-100 elementor-top-column elementor-element elementor-element-1ce277e\" data-id=\"1ce277e\" data-element_type=\"column\">\n\t\t\t<div class=\"elementor-widget-wrap elementor-element-populated\">\n\t\t\t\t\t\t\t\t<div class=\"elementor-element elementor-element-4d79f32 elementor-widget elementor-widget-spacer\" data-id=\"4d79f32\" data-element_type=\"widget\" data-widget_type=\"spacer.default\">\n\t\t\t\t<div class=\"elementor-widget-container\">\n\t\t\t\t\t<div class=\"elementor-spacer\">\n\t\t\t<div class=\"elementor-spacer-inner\"><\/div>\n\t\t<\/div>\n\t\t\t\t<\/div>\n\t\t\t\t<\/div>\n\t\t\t\t\t<\/div>\n\t\t<\/div>\n\t\t\t\t\t\t\t<\/div>\n\t\t<\/section>\n\t\t\t\t<section class=\"elementor-section elementor-top-section elementor-element elementor-element-5cebfb57 elementor-section-content-middle elementor-reverse-mobile elementor-section-boxed elementor-section-height-default elementor-section-height-default\" data-id=\"5cebfb57\" data-element_type=\"section\" data-settings=\"{&quot;background_background&quot;:&quot;classic&quot;}\">\n\t\t\t\t\t\t\t<div class=\"elementor-background-overlay\"><\/div>\n\t\t\t\t\t\t\t<div class=\"elementor-container elementor-column-gap-no\">\n\t\t\t\t\t<div class=\"elementor-column elementor-col-100 elementor-top-column elementor-element elementor-element-7663c85\" data-id=\"7663c85\" data-element_type=\"column\">\n\t\t\t<div class=\"elementor-widget-wrap elementor-element-populated\">\n\t\t\t\t\t\t\t\t<div class=\"elementor-element elementor-element-2efa29b2 elementor-widget elementor-widget-heading\" data-id=\"2efa29b2\" data-element_type=\"widget\" data-widget_type=\"heading.default\">\n\t\t\t\t<div class=\"elementor-widget-container\">\n\t\t\t<h4 class=\"elementor-heading-title elementor-size-default\">Quellwasser des Lebens<\/h4>\t\t<\/div>\n\t\t\t\t<\/div>\n\t\t\t\t<div class=\"elementor-element elementor-element-17b9473b elementor-widget elementor-widget-text-editor\" data-id=\"17b9473b\" data-element_type=\"widget\" data-widget_type=\"text-editor.default\">\n\t\t\t\t<div class=\"elementor-widget-container\">\n\t\t\t\t\t\t\t<div class=\"itemIntroText\">Schon unsere Urahnen wussten um die Kr\u00e4fte des Wassers, wie unz\u00e4hlige \u00dcberlieferungen aus alten Kulturen belegen. Die Menschen lebten noch im untrennbaren Gleichklang mit der Natur und wussten sich seine Sch\u00e4tze zunutze zu machen \u2013 auch die heilende, belebende Wirkung des Wassers, der Quelle unseres Lebens. <strong><span style=\"text-decoration: underline;\">Ein vision\u00e4rer Geist:<\/span><\/strong><\/div><div class=\"itemFullText\"><p>Vor mehr als 30 Jahren erkannte der Vision\u00e4r Johann Grander bereits, wie wichtig es ist, der Natur im Allgemeinen und dem Element Wasser im Besonderen mit Respekt und Feingef\u00fchl zu begegnen. \u00a0Er war sich dessen bewusst, dass der Zustand des Wassers ausschlaggebend f\u00fcr unser Wohlbefinden und den Erhalt des gesamten \u00d6kosystems ist \u2013 diese Erkenntnis legte den Grundstein f\u00fcr seine weiteren \u00dcberlegungen.<\/p><p><strong>Eine sinn- und wertvolle Erkenntnis<\/strong><\/p><p>Durch jahrelange Experimentier- und Forschungsarbeit gelangte Johann Grander zu dem Schluss,\u00a0<strong>dass Wasser die F\u00e4higkeit zur Informations\u00fcbertragung besitzt.\u00a0<\/strong>Diese physikalisch einzigartige Eigenschaft, Information \u2013 auch von einem Wasser auf das andere \u2013 \u00fcbertragen zu k\u00f6nnen, machte Johann Grander erstmals in dieser Form nutzbar. Sein Ziel war es, die vielf\u00e4ltigen positiven Eigenschaften des belebten Wassers auf jedes Wasser \u00fcbertragbar zu machen \u2013 zum Vorteil sowohl f\u00fcr uns Menschen als auch f\u00fcr Tiere und Pflanze.<\/p><\/div>\t\t\t\t\t\t<\/div>\n\t\t\t\t<\/div>\n\t\t\t\t<div class=\"elementor-element elementor-element-0b16f61 elementor-align-center elementor-widget elementor-widget-button\" data-id=\"0b16f61\" data-element_type=\"widget\" data-widget_type=\"button.default\">\n\t\t\t\t<div class=\"elementor-widget-container\">\n\t\t\t\t\t<div class=\"elementor-button-wrapper\">\n\t\t\t<a href=\"https:\/\/www.est-service.ch\/wp-content\/uploads\/2021\/09\/Produkteprospekt-NEU-deutsch.pdf\" target=\"_blank\" class=\"elementor-button-link elementor-button elementor-size-md\" role=\"button\">\n\t\t\t\t\t\t<span class=\"elementor-button-content-wrapper\">\n\t\t\t\t\t\t<span class=\"elementor-button-text\">Mehr lesen<\/span>\n\t\t<\/span>\n\t\t\t\t\t<\/a>\n\t\t<\/div>\n\t\t\t\t<\/div>\n\t\t\t\t<\/div>\n\t\t\t\t\t<\/div>\n\t\t<\/div>\n\t\t\t\t\t\t\t<\/div>\n\t\t<\/section>\n\t\t\t\t\t\t<\/div>\n\t\t\t\t\t<\/div>\n\t\t","protected":false},"excerpt":{"rendered":"<p>Quellwasser des Lebens Schon unsere Urahnen wussten um die Kr\u00e4fte des Wassers, wie unz\u00e4hlige \u00dcberlieferungen aus alten Kulturen belegen. Die Menschen lebten noch im untrennbaren Gleichklang mit der Natur und wussten sich seine Sch\u00e4tze zunutze zu machen \u2013 auch die heilende, belebende Wirkung des Wassers, der Quelle unseres Lebens. Ein vision\u00e4rer Geist: Vor mehr als [&hellip;]<\/p>\n","protected":false},"author":1,"featured_media":0,"parent":0,"menu_order":0,"comment_status":"closed","ping_status":"closed","template":"","meta":{"footnotes":""},"class_list":["post-13","page","type-page","status-publish","hentry","entry"],"_links":{"self":[{"href":"https:\/\/www.est-service.ch\/index.php\/wp-json\/wp\/v2\/pages\/13","targetHints":{"allow":["GET"]}}],"collection":[{"href":"https:\/\/www.est-service.ch\/index.php\/wp-json\/wp\/v2\/pages"}],"about":[{"href":"https:\/\/www.est-service.ch\/index.php\/wp-json\/wp\/v2\/types\/page"}],"author":[{"embeddable":true,"href":"https:\/\/www.est-service.ch\/index.php\/wp-json\/wp\/v2\/users\/1"}],"replies":[{"embeddable":true,"href":"https:\/\/www.est-service.ch\/index.php\/wp-json\/wp\/v2\/comments?post=13"}],"version-history":[{"count":13,"href":"https:\/\/www.est-service.ch\/index.php\/wp-json\/wp\/v2\/pages\/13\/revisions"}],"predecessor-version":[{"id":400,"href":"https:\/\/www.est-service.ch\/index.php\/wp-json\/wp\/v2\/pages\/13\/revisions\/400"}],"wp:attachment":[{"href":"https:\/\/www.est-service.ch\/index.php\/wp-json\/wp\/v2\/media?parent=13"}],"curies":[{"name":"wp","href":"https:\/\/api.w.org\/{rel}","templated":true}]}}