{"id":14,"date":"2021-06-17T08:34:23","date_gmt":"2021-06-17T06:34:23","guid":{"rendered":"https:\/\/www.est-service.ch\/?page_id=14"},"modified":"2021-09-23T14:32:43","modified_gmt":"2021-09-23T12:32:43","slug":"jrg","status":"publish","type":"page","link":"https:\/\/www.est-service.ch\/index.php\/jrg\/","title":{"rendered":"JRG"},"content":{"rendered":"\t\t<div data-elementor-type=\"wp-page\" data-elementor-id=\"14\" class=\"elementor elementor-14\" data-elementor-settings=\"[]\">\n\t\t\t\t\t\t\t<div class=\"elementor-section-wrap\">\n\t\t\t\t\t\t\t<section class=\"elementor-section elementor-top-section elementor-element elementor-element-0ed2d2c elementor-section-boxed elementor-section-height-default elementor-section-height-default\" data-id=\"0ed2d2c\" data-element_type=\"section\">\n\t\t\t\t\t\t<div class=\"elementor-container elementor-column-gap-default\">\n\t\t\t\t\t<div class=\"elementor-column elementor-col-100 elementor-top-column elementor-element elementor-element-15658ff\" data-id=\"15658ff\" data-element_type=\"column\">\n\t\t\t<div class=\"elementor-widget-wrap elementor-element-populated\">\n\t\t\t\t\t\t\t\t<div class=\"elementor-element elementor-element-4e6f82a elementor-widget elementor-widget-spacer\" data-id=\"4e6f82a\" data-element_type=\"widget\" data-widget_type=\"spacer.default\">\n\t\t\t\t<div class=\"elementor-widget-container\">\n\t\t\t\t\t<div class=\"elementor-spacer\">\n\t\t\t<div class=\"elementor-spacer-inner\"><\/div>\n\t\t<\/div>\n\t\t\t\t<\/div>\n\t\t\t\t<\/div>\n\t\t\t\t\t<\/div>\n\t\t<\/div>\n\t\t\t\t\t\t\t<\/div>\n\t\t<\/section>\n\t\t\t\t<section class=\"elementor-section elementor-top-section elementor-element elementor-element-6b08b63a elementor-section-height-min-height elementor-section-items-stretch elementor-section-boxed elementor-section-height-default\" data-id=\"6b08b63a\" data-element_type=\"section\" data-settings=\"{&quot;background_background&quot;:&quot;classic&quot;}\">\n\t\t\t\t\t\t\t<div class=\"elementor-background-overlay\"><\/div>\n\t\t\t\t\t\t\t<div class=\"elementor-container elementor-column-gap-no\">\n\t\t\t\t\t<div class=\"elementor-column elementor-col-100 elementor-top-column elementor-element elementor-element-23940826\" data-id=\"23940826\" data-element_type=\"column\">\n\t\t\t<div class=\"elementor-widget-wrap elementor-element-populated\">\n\t\t\t\t\t\t\t\t<div class=\"elementor-element elementor-element-5990165 elementor-widget elementor-widget-spacer\" data-id=\"5990165\" data-element_type=\"widget\" data-widget_type=\"spacer.default\">\n\t\t\t\t<div class=\"elementor-widget-container\">\n\t\t\t\t\t<div class=\"elementor-spacer\">\n\t\t\t<div class=\"elementor-spacer-inner\"><\/div>\n\t\t<\/div>\n\t\t\t\t<\/div>\n\t\t\t\t<\/div>\n\t\t\t\t\t<\/div>\n\t\t<\/div>\n\t\t\t\t\t\t\t<\/div>\n\t\t<\/section>\n\t\t\t\t<section class=\"elementor-section elementor-top-section elementor-element elementor-element-443f6b4 elementor-section-boxed elementor-section-height-default elementor-section-height-default\" data-id=\"443f6b4\" data-element_type=\"section\">\n\t\t\t\t\t\t<div class=\"elementor-container elementor-column-gap-default\">\n\t\t\t\t\t<div class=\"elementor-column elementor-col-100 elementor-top-column elementor-element elementor-element-353252c\" data-id=\"353252c\" data-element_type=\"column\">\n\t\t\t<div class=\"elementor-widget-wrap elementor-element-populated\">\n\t\t\t\t\t\t\t\t<div class=\"elementor-element elementor-element-1c0f80d elementor-widget elementor-widget-spacer\" data-id=\"1c0f80d\" data-element_type=\"widget\" data-widget_type=\"spacer.default\">\n\t\t\t\t<div class=\"elementor-widget-container\">\n\t\t\t\t\t<div class=\"elementor-spacer\">\n\t\t\t<div class=\"elementor-spacer-inner\"><\/div>\n\t\t<\/div>\n\t\t\t\t<\/div>\n\t\t\t\t<\/div>\n\t\t\t\t\t<\/div>\n\t\t<\/div>\n\t\t\t\t\t\t\t<\/div>\n\t\t<\/section>\n\t\t\t\t<section class=\"elementor-section elementor-top-section elementor-element elementor-element-1e079687 elementor-section-content-middle elementor-reverse-mobile elementor-section-boxed elementor-section-height-default elementor-section-height-default\" data-id=\"1e079687\" data-element_type=\"section\" data-settings=\"{&quot;background_background&quot;:&quot;classic&quot;}\">\n\t\t\t\t\t\t\t<div class=\"elementor-background-overlay\"><\/div>\n\t\t\t\t\t\t\t<div class=\"elementor-container elementor-column-gap-no\">\n\t\t\t\t\t<div class=\"elementor-column elementor-col-100 elementor-top-column elementor-element elementor-element-43af88c1\" data-id=\"43af88c1\" data-element_type=\"column\">\n\t\t\t<div class=\"elementor-widget-wrap elementor-element-populated\">\n\t\t\t\t\t\t\t\t<div class=\"elementor-element elementor-element-3e709ff4 elementor-widget elementor-widget-heading\" data-id=\"3e709ff4\" data-element_type=\"widget\" data-widget_type=\"heading.default\">\n\t\t\t\t<div class=\"elementor-widget-container\">\n\t\t\t<h4 class=\"elementor-heading-title elementor-size-default\">JRG Coral force<\/h4>\t\t<\/div>\n\t\t\t\t<\/div>\n\t\t\t\t<div class=\"elementor-element elementor-element-300e890f elementor-widget elementor-widget-text-editor\" data-id=\"300e890f\" data-element_type=\"widget\" data-widget_type=\"text-editor.default\">\n\t\t\t\t<div class=\"elementor-widget-container\">\n\t\t\t\t\t\t\t<div class=\"itemIntroText\"><b>JRG Coral force nutzt den Prozess der Biomineralisierung<\/b><\/div><div class=\"itemFullText\"><p>Ein Granulat imitiert die Oberfl\u00e4chen von Muscheln und Steinkorallen. Dieses Granulat wirkt als Katalysator zur Bildung von Kalk-Kristallkeimen. Diese Nanokristalle wachsen zu Mikrokristallen und l\u00f6sen sich nachfolgend vom Granulat ab. Der \u00dcberschuss an gel\u00f6stem Kalk im Wasser &#8211; \u00fcbers\u00e4ttigtes &#8211; Wasser &#8211; wird so gebunden und kann sich somit praktisch nicht mehr als Kalkstein absetzen. Das Wasser wird dabei in seiner Zusammensetzung weder durch chemische Zus\u00e4tze noch durch Energiezufuhr beeinflusst.\u00a0<\/p><p><strong>Das Granulatherstellverfahren ist patentiert<br \/><\/strong>Zur Herstellung des Katalysatorgranulats wurde eine Prozess-Technologie auf Basis von Polyacrylat entwickelt, welche dem Granulat die Eigenschaft verleiht, an seiner heterogenen Oberfl\u00e4che eine Kristallkeimbildung auszul\u00f6sen. Die Oberfl\u00e4che ist so konditioniert, dass nur ein eingeschr\u00e4nktes Wachstum der gebildeten Kalkkristallkeime m\u00f6glich ist. Die abgel\u00f6sten Mikrokristalle werden im Wasser schwebend, mit anhaltender Wirkung mitgef\u00fchrt und beim Verbraucher ausgesp\u00fclt.<\/p><p>\u00a0<\/p><\/div>\t\t\t\t\t\t<\/div>\n\t\t\t\t<\/div>\n\t\t\t\t<div class=\"elementor-element elementor-element-33d7404c elementor-align-center elementor-widget elementor-widget-button\" data-id=\"33d7404c\" data-element_type=\"widget\" data-widget_type=\"button.default\">\n\t\t\t\t<div class=\"elementor-widget-container\">\n\t\t\t\t\t<div class=\"elementor-button-wrapper\">\n\t\t\t<a href=\"https:\/\/www.est-service.ch\/wp-content\/uploads\/2021\/09\/gfps-ch-3790100-brochure-jrg-coral-force-de.pdf\" target=\"_blank\" class=\"elementor-button-link elementor-button elementor-size-md\" role=\"button\">\n\t\t\t\t\t\t<span class=\"elementor-button-content-wrapper\">\n\t\t\t\t\t\t<span class=\"elementor-button-text\">Mehr lesen<\/span>\n\t\t<\/span>\n\t\t\t\t\t<\/a>\n\t\t<\/div>\n\t\t\t\t<\/div>\n\t\t\t\t<\/div>\n\t\t\t\t\t<\/div>\n\t\t<\/div>\n\t\t\t\t\t\t\t<\/div>\n\t\t<\/section>\n\t\t\t\t\t\t<\/div>\n\t\t\t\t\t<\/div>\n\t\t","protected":false},"excerpt":{"rendered":"<p>JRG Coral force JRG Coral force nutzt den Prozess der Biomineralisierung Ein Granulat imitiert die Oberfl\u00e4chen von Muscheln und Steinkorallen. Dieses Granulat wirkt als Katalysator zur Bildung von Kalk-Kristallkeimen. Diese Nanokristalle wachsen zu Mikrokristallen und l\u00f6sen sich nachfolgend vom Granulat ab. Der \u00dcberschuss an gel\u00f6stem Kalk im Wasser &#8211; \u00fcbers\u00e4ttigtes &#8211; Wasser &#8211; wird so [&hellip;]<\/p>\n","protected":false},"author":1,"featured_media":0,"parent":0,"menu_order":0,"comment_status":"closed","ping_status":"closed","template":"","meta":{"footnotes":""},"class_list":["post-14","page","type-page","status-publish","hentry","entry"],"_links":{"self":[{"href":"https:\/\/www.est-service.ch\/index.php\/wp-json\/wp\/v2\/pages\/14","targetHints":{"allow":["GET"]}}],"collection":[{"href":"https:\/\/www.est-service.ch\/index.php\/wp-json\/wp\/v2\/pages"}],"about":[{"href":"https:\/\/www.est-service.ch\/index.php\/wp-json\/wp\/v2\/types\/page"}],"author":[{"embeddable":true,"href":"https:\/\/www.est-service.ch\/index.php\/wp-json\/wp\/v2\/users\/1"}],"replies":[{"embeddable":true,"href":"https:\/\/www.est-service.ch\/index.php\/wp-json\/wp\/v2\/comments?post=14"}],"version-history":[{"count":22,"href":"https:\/\/www.est-service.ch\/index.php\/wp-json\/wp\/v2\/pages\/14\/revisions"}],"predecessor-version":[{"id":431,"href":"https:\/\/www.est-service.ch\/index.php\/wp-json\/wp\/v2\/pages\/14\/revisions\/431"}],"wp:attachment":[{"href":"https:\/\/www.est-service.ch\/index.php\/wp-json\/wp\/v2\/media?parent=14"}],"curies":[{"name":"wp","href":"https:\/\/api.w.org\/{rel}","templated":true}]}}